{"id":30,"date":"2024-03-04T21:00:56","date_gmt":"2024-03-04T21:00:56","guid":{"rendered":"http:\/\/roeda.local\/?page_id=30"},"modified":"2024-05-31T16:51:51","modified_gmt":"2024-05-31T21:51:51","slug":"contactos","status":"publish","type":"page","link":"https:\/\/www.roeda.com.pe\/?page_id=30","title":{"rendered":"Contactos"},"content":{"rendered":"\n<div class=\"wp-block-group alignfull has-global-padding is-layout-constrained wp-container-core-group-is-layout-b673cb31 wp-block-group-is-layout-constrained\" style=\"margin-top:0;margin-bottom:0;padding-top:var(--wp--preset--spacing--30);padding-right:var(--wp--preset--spacing--50);padding-bottom:var(--wp--preset--spacing--30);padding-left:var(--wp--preset--spacing--50)\">\n<div class=\"wp-block-columns alignwide are-vertically-aligned-center is-layout-flex wp-container-core-columns-is-layout-47c06fe3 wp-block-columns-is-layout-flex\">\n<div class=\"wp-block-column is-vertically-aligned-center is-layout-flow wp-block-column-is-layout-flow\" style=\"flex-basis:50%\"><div class=\"wp-block-jetpack-contact-form alignwide is-style-default\"><a href=\"https:\/\/www.roeda.com.pe\/?page_id=30\" target=\"_blank\" rel=\"noopener noreferrer\">Submit a form.<\/a><\/div><\/div>\n\n\n\n<div class=\"wp-block-column is-vertically-aligned-center is-layout-flow wp-block-column-is-layout-flow\" style=\"flex-basis:50%\">\n<figure class=\"wp-block-image size-full is-resized\"><img loading=\"lazy\" decoding=\"async\" width=\"1000\" height=\"261\" src=\"https:\/\/www.roeda.com.pe\/wp-content\/uploads\/2024\/03\/Logo-Roeda.png\" alt=\"\" class=\"wp-image-544\" style=\"width:260px;height:auto\" srcset=\"https:\/\/www.roeda.com.pe\/wp-content\/uploads\/2024\/03\/Logo-Roeda.png 1000w, https:\/\/www.roeda.com.pe\/wp-content\/uploads\/2024\/03\/Logo-Roeda-300x78.png 300w, https:\/\/www.roeda.com.pe\/wp-content\/uploads\/2024\/03\/Logo-Roeda-768x200.png 768w\" sizes=\"auto, (max-width: 1000px) 100vw, 1000px\" \/><\/figure>\n\n\n\n<p class=\"has-contrast-2-color has-text-color has-link-color wp-elements-a7bcd28eeba12712bda49723a3183c00\" style=\"font-size:clamp(1.114rem, 1.114rem + ((1vw - 0.2rem) * 1.043), 1.74rem);line-height:1.3\"><strong>Descubra como Roeda S.A puede mejorar el rendimiento de su planta e industria.<\/strong><\/p>\n\n\n\n<p class=\"has-contrast-2-color has-text-color has-link-color wp-elements-46ea9859911257260b98bcac5afce724\" style=\"font-size:clamp(0.875rem, 0.875rem + ((1vw - 0.2rem) * 0.375), 1.1rem);\">Atenderemos sus necesidades y le brindaremos los productos y servicios que pueda necesitar. <\/p>\n\n\n\n<div class=\"wp-block-group is-nowrap is-layout-flex wp-container-core-group-is-layout-6c531013 wp-block-group-is-layout-flex\">\n<figure class=\"wp-block-image is-resized\"><img loading=\"lazy\" decoding=\"async\" width=\"114\" height=\"114\" src=\"https:\/\/www.roeda.com.pe\/wp-content\/uploads\/2024\/03\/phone-red.png\" alt=\"\" class=\"wp-image-80\" style=\"width:34px;height:auto\"\/><\/figure>\n\n\n\n<p class=\"has-text-align-left has-contrast-2-color has-text-color has-link-color wp-elements-00ae3fccc8cbcbfd7b417e33c9f2f31f\" style=\"font-size:clamp(0.929rem, 0.929rem + ((1vw - 0.2rem) * 0.785), 1.4rem);font-style:normal;font-weight:700\"> (51-1) 315 1400<\/p>\n<\/div>\n\n\n\n<div class=\"wp-block-group is-nowrap is-layout-flex wp-container-core-group-is-layout-6c531013 wp-block-group-is-layout-flex\">\n<figure class=\"wp-block-image size-full is-resized\"><img loading=\"lazy\" decoding=\"async\" width=\"115\" height=\"114\" src=\"https:\/\/www.roeda.com.pe\/wp-content\/uploads\/2024\/03\/adress-red.png\" alt=\"\" class=\"wp-image-73\" style=\"width:34px;height:auto\"\/><\/figure>\n\n\n\n<p class=\"has-text-align-left has-contrast-2-color has-text-color has-link-color wp-elements-bdf18f4488bdae864ea68298315ac0a2\" style=\"font-size:clamp(0.875rem, 0.875rem + ((1vw - 0.2rem) * 0.375), 1.1rem);font-style:normal;font-weight:700\"><a href=\"https:\/\/maps.app.goo.gl\/fdmVMeSax5it8HYb6\"> Jr. Tarma N\u00b0 272, Lima Per\u00fa<\/a><\/p>\n<\/div>\n\n\n\n<p class=\"has-text-color has-link-color wp-elements-17548d5acb85be6044b1bffc10867e5d\" style=\"color:#d92020;font-size:clamp(0.984rem, 0.984rem + ((1vw - 0.2rem) * 0.86), 1.5rem);font-style:normal;font-weight:700\">Horario de Atenci\u00f3n:<\/p>\n\n\n\n<p class=\"has-contrast-2-color has-text-color has-link-color wp-elements-a450c45ebc740e4da67b2672c766858a\" style=\"font-size:clamp(0.875rem, 0.875rem + ((1vw - 0.2rem) * 0.508), 1.18rem);\"><strong>Lunes a Viernes:<\/strong> 8:00 am &#8211; 5:30 pm<br><strong>S\u00e1bados:<\/strong> 8:00 am &#8211; 12:30 pm<\/p>\n<\/div>\n<\/div>\n<\/div>\n\n\n\n<div class=\"wp-block-group is-content-justification-center is-nowrap is-layout-flex wp-container-core-group-is-layout-23441af8 wp-block-group-is-layout-flex\">\n<figure class=\"wp-block-image size-full is-resized\"><img loading=\"lazy\" decoding=\"async\" width=\"115\" height=\"114\" src=\"https:\/\/www.roeda.com.pe\/wp-content\/uploads\/2024\/03\/adress-red.png\" alt=\"\" class=\"wp-image-73\" style=\"width:34px;height:auto\"\/><\/figure>\n\n\n\n<p class=\"has-text-align-left has-contrast-2-color has-text-color has-link-color wp-elements-df20b9b0584883bf69d9c237c69e2e47\" style=\"font-size:clamp(0.875rem, 0.875rem + ((1vw - 0.2rem) * 0.375), 1.1rem);font-style:normal;font-weight:400\"><strong>Oficina Principal &#8211; <\/strong><a href=\"https:\/\/maps.app.goo.gl\/fdmVMeSax5it8HYb6\"> Jr. Tarma N\u00b0 272, Lima Per\u00fa<\/a><\/p>\n<\/div>\n\n\n\n<div class=\"wp-block-group alignwide has-border-color has-contrast-3-border-color is-layout-flow wp-block-group-is-layout-flow\" style=\"border-width:3px;padding-top:0;padding-bottom:0\">\t\t<div id=\"wpmapblock_91b8b14b\" data-settings='{&quot;map_marker&quot;:[{&quot;lat&quot;:&quot;-12.060845780406&quot;,&quot;lng&quot;:&quot;-77.039587497711&quot;,&quot;title&quot;:&quot;Roeda S.A&quot;,&quot;content&quot;:&quot;&amp;lt;h5&amp;gt;Jiron Tarma 272 Lima&amp;lt;\\\/h5&amp;gt;&quot;,&quot;iconType&quot;:&quot;custom&quot;,&quot;customIconUrl&quot;:&quot;https:\\\/\\\/www.roeda.com.pe\\\/wp-content\\\/uploads\\\/2024\\\/03\\\/Icono.png&quot;,&quot;customIconWidth&quot;:&quot;80&quot;,&quot;customIconHeight&quot;:&quot;106&quot;}],&quot;map_zoom&quot;:&quot;17&quot;,&quot;scroll_wheel_zoom&quot;:false,&quot;map_type&quot;:&quot;GM&quot;,&quot;center_index&quot;:0}' class=\"wpmapblockrender\" style=\"\n\t\t\twidth: 100%;\n\t\t\theight: 530px;\n\t\t\"><\/div>\n        <\/div>\n\n\n\n<div style=\"height:67px\" aria-hidden=\"true\" class=\"wp-block-spacer\"><\/div>\n","protected":false},"excerpt":{"rendered":"<p>Descubra como Roeda S.A puede mejorar el rendimiento de su planta e industria. Atenderemos sus necesidades y le brindaremos los productos y servicios que pueda necesitar. (51-1) 315 1400 Jr. Tarma N\u00b0 272, Lima Per\u00fa Horario de Atenci\u00f3n: Lunes a Viernes: 8:00 am &#8211; 5:30 pmS\u00e1bados: 8:00 am &#8211; 12:30 pm Oficina Principal &#8211; Jr. [&hellip;]<\/p>\n","protected":false},"author":1,"featured_media":0,"parent":0,"menu_order":0,"comment_status":"closed","ping_status":"closed","template":"page-no-title","meta":{"_joinchat":[],"footnotes":""},"class_list":["post-30","page","type-page","status-publish","hentry"],"jetpack_sharing_enabled":true,"_links":{"self":[{"href":"https:\/\/www.roeda.com.pe\/index.php?rest_route=\/wp\/v2\/pages\/30","targetHints":{"allow":["GET"]}}],"collection":[{"href":"https:\/\/www.roeda.com.pe\/index.php?rest_route=\/wp\/v2\/pages"}],"about":[{"href":"https:\/\/www.roeda.com.pe\/index.php?rest_route=\/wp\/v2\/types\/page"}],"author":[{"embeddable":true,"href":"https:\/\/www.roeda.com.pe\/index.php?rest_route=\/wp\/v2\/users\/1"}],"replies":[{"embeddable":true,"href":"https:\/\/www.roeda.com.pe\/index.php?rest_route=%2Fwp%2Fv2%2Fcomments&post=30"}],"version-history":[{"count":18,"href":"https:\/\/www.roeda.com.pe\/index.php?rest_route=\/wp\/v2\/pages\/30\/revisions"}],"predecessor-version":[{"id":893,"href":"https:\/\/www.roeda.com.pe\/index.php?rest_route=\/wp\/v2\/pages\/30\/revisions\/893"}],"wp:attachment":[{"href":"https:\/\/www.roeda.com.pe\/index.php?rest_route=%2Fwp%2Fv2%2Fmedia&parent=30"}],"curies":[{"name":"wp","href":"https:\/\/api.w.org\/{rel}","templated":true}]}}